{"id":2,"date":"2012-11-07T14:53:01","date_gmt":"2012-11-07T14:53:01","guid":{"rendered":"http:\/\/www.anti-form.com\/xxx\/?page_id=2"},"modified":"2022-12-18T22:06:33","modified_gmt":"2022-12-18T20:06:33","slug":"beispiel-seite","status":"publish","type":"page","link":"https:\/\/www.anti-form.com\/?page_id=2","title":{"rendered":"ABOUT"},"content":{"rendered":"<p><iframe loading=\"lazy\" src=\"\/\/player.vimeo.com\/video\/89656851\" width=\"960\" height=\"540\" frameborder=\"0\" allowfullscreen=\"allowfullscreen\"><\/iframe><\/p>\n<div class=\"att-one-half att-column-first\">\n<h3>ANTI-FORM<\/h3>\n<p align=\"justify\">We are a design &amp; screenprint label \/ collective with a strong passion for graphic design and illustration. Our workshop and studio is situated in front of beautiful lake Atteresee in Austria. We soak in inspiration and love to find outstanding ways in visual communication.<\/p>\n<p align=\"justify\">During the past few years we found ourselves in experimenting and creating with analogue tools like screen printing. You can find some of the results on textile and paper in our <a title=\"ONLINE SHOP\" href=\"http:\/\/antixform.bigcartel.com\"><strong>ONLINE SHOP<\/strong><\/a>.<\/p>\n<\/div>\n<div class=\"att-one-half att-column-last\">\n<h3>WHAT WE DO<\/h3>\n<p align=\"justify\">We find ways to visualize your ideas and make them coherent. If you need packaging for your new product or want to get your ideas ready for the www, we offer a broad range of services in media\/print design. We have been working in different fields such as:<\/p>\n<p><strong>ART DIRECTION, <\/strong><strong>CORPORATE DESIGN, <\/strong><strong>PACKAGING DESIGN, <\/strong><strong>BRANDING, <\/strong><strong>GRAPHIC DESIGN, <\/strong><strong>MOTION DESIGN, <\/strong><strong>PHOTOGRAPHY, <\/strong><strong>ILLUSTRATION, <\/strong><strong>VIDEO \/ VISUAL ARTS, <\/strong><strong>SCREEN PRINTING <\/strong><br \/>\n<\/div>\n<h3><div class=\"att-clear-floats\"><\/div><\/h3>\n<h3>CLIENTS<\/h3>\n<p>We enjoy working with people and international clients acting for example in sectors like culture, tourism, science, sports, music. That is one reason why we are able to expand our visual vocabulary and expertise. Here you can find a list of our clients to name a few:<strong><br \/>\nAmnesty International, Atrium Apotheke, Broooklyn &#8211; Caf\u00e9 Bar, Broooklyn Beach, Die Moserei Gastro &amp; Kultur Container, F2 Snowboards, Landesfischereiverband O\u00d6, Hannes Rohringer, Head Snowboards, Indie Campers, Innsbruck Medical University, Intersport, Kiener &#8211; Caf\u00e9 Restaurant Takeaway,\u00a0 Loxodrome,\u00a0 MPE Josef Weidenholzer, Museum Arbeitswelt Styer, Cablevision N\u00f6hmer,\u00a0 Perspektiven Attersee, Surf Cars, Salomon Surfwear, Verbund, USUS am Wasser, TVB Attersee-Attergau, rEISECKERs bioeiseck, Genusskramerei,<br \/>\n<\/strong><\/p>\n","protected":false},"excerpt":{"rendered":"<p>CLIENTS We enjoy working with people and international clients acting for example in sectors like culture, tourism, science, sports, music. That is one reason why we are able to expand our visual vocabulary and expertise. Here you can find a list of our clients to name a few: Amnesty International,&#8230;<\/p>\n","protected":false},"author":1,"featured_media":0,"parent":0,"menu_order":0,"comment_status":"open","ping_status":"open","template":"templates\/fullwidth.php","meta":[],"_links":{"self":[{"href":"https:\/\/www.anti-form.com\/index.php?rest_route=\/wp\/v2\/pages\/2"}],"collection":[{"href":"https:\/\/www.anti-form.com\/index.php?rest_route=\/wp\/v2\/pages"}],"about":[{"href":"https:\/\/www.anti-form.com\/index.php?rest_route=\/wp\/v2\/types\/page"}],"author":[{"embeddable":true,"href":"https:\/\/www.anti-form.com\/index.php?rest_route=\/wp\/v2\/users\/1"}],"replies":[{"embeddable":true,"href":"https:\/\/www.anti-form.com\/index.php?rest_route=%2Fwp%2Fv2%2Fcomments&post=2"}],"version-history":[{"count":112,"href":"https:\/\/www.anti-form.com\/index.php?rest_route=\/wp\/v2\/pages\/2\/revisions"}],"predecessor-version":[{"id":2031,"href":"https:\/\/www.anti-form.com\/index.php?rest_route=\/wp\/v2\/pages\/2\/revisions\/2031"}],"wp:attachment":[{"href":"https:\/\/www.anti-form.com\/index.php?rest_route=%2Fwp%2Fv2%2Fmedia&parent=2"}],"curies":[{"name":"wp","href":"https:\/\/api.w.org\/{rel}","templated":true}]}}